{"id":42,"date":"2023-10-02T16:07:17","date_gmt":"2023-10-02T14:07:17","guid":{"rendered":"http:\/\/anvitrc.cluster030.hosting.ovh.net\/?page_id=42"},"modified":"2026-02-19T14:12:22","modified_gmt":"2026-02-19T14:12:22","slug":"contrats","status":"publish","type":"page","link":"https:\/\/www.amapvitry.fr\/index.php\/contrats\/","title":{"rendered":"contrats"},"content":{"rendered":"<p>Liste des diff\u00e9rents contrats entre les Amapiens et les producteurs<\/p>\n<h2>Les contrats :<\/h2>\n\n\n<div id=\"wp-block-themeisle-blocks-accordion-dd7aadbf\" class=\"wp-block-themeisle-blocks-accordion exclusive\">\n<details open class=\"wp-block-themeisle-blocks-accordion-item\"><summary class=\"wp-block-themeisle-blocks-accordion-item__title\"><div><strong>Les L\u00e9gumes<\/strong><\/div><\/summary><div class=\"wp-block-themeisle-blocks-accordion-item__content\">\n<div id=\"wp-block-themeisle-blocks-advanced-columns-0bac3c39\" class=\"wp-block-themeisle-blocks-advanced-columns has-2-columns has-desktop-oneTwo-layout has-tablet-equal-layout has-mobile-collapsedRows-layout has-vertical-unset\"><div class=\"wp-block-themeisle-blocks-advanced-columns-overlay\"><\/div><div class=\"innerblocks-wrap\">\n<div id=\"wp-block-themeisle-blocks-advanced-column-0d7037fb\" class=\"wp-block-themeisle-blocks-advanced-column\">\n<p>Les jardins de cocagne :<\/p>\n\n\n\n<ul class=\"wp-block-list\">\n<li>Les l\u00e9gumes livr\u00e9s sont fra\u00eechement r\u00e9colt\u00e9s !<\/li>\n\n\n\n<li>3 choix de taille de panier : entre \u00ab\u00a0individuel\u00a0\u00bb, petit\u00a0\u00bb et \u00ab\u00a0grand\u00a0\u00bb panier.<\/li>\n\n\n\n<li>La composition est impos\u00e9e, et transmise \u00e0 l&rsquo;avance chaque semaine par mail.<\/li>\n\n\n\n<li>Une caisse d&rsquo;\u00e9change est pr\u00e9sente \u00e0 chaque distribution pour vous permettre d&rsquo;\u00e9changer un l\u00e9gume que vous n&rsquo;aimez pas ou pour toutes autres raisons.<\/li>\n\n\n\n<li>Possibilit\u00e9 de d\u00e9caler son panier quand vous partez en vacance.<\/li>\n<\/ul>\n\n\n\n<p class=\"has-text-align-center ticss-d1fbfaf1\">\u00a0<strong><a href=\"https:\/\/www.amapvitry.fr\/doc\/Contrat%20l%c3%a9gumes%202026.pdf\" data-type=\"page\" data-id=\"42\" target=\"_blank\" rel=\"noreferrer noopener\">T\u00e9l\u00e9charger le Contrat l\u00e9gume<\/a><\/strong>s<\/p>\n<\/div>\n\n\n\n<div id=\"wp-block-themeisle-blocks-advanced-column-4d5bd16f\" class=\"wp-block-themeisle-blocks-advanced-column\">\n<div class=\"wp-block-superblockslider-slider superblockslider\" style=\"height:60vh;width:100%\" data-transition-duration=\".6s\" data-animation=\"cubic-bezier(0.46, 0.03, 0.52, 0.96)\"><div class=\"superblockslider__window\"><div class=\"superblockslider__track\" style=\"width:200%;transform:translateX(-0.0000%);transition-duration:.6s;transition-timing-function:cubic-bezier(0.46, 0.03, 0.52, 0.96)\">\n<div class=\"wp-block-superblockslider-slide superblockslider__slide superblockslider__slide--active\" data-slide-index=\"0\"><div class=\"superblockslider__slide__bg\"><img fetchpriority=\"high\" decoding=\"async\" class=\"image--xl visible--xl visible--sm visible--md visible--lg\" src=\"https:\/\/www.amapvitry.fr\/wp-content\/uploads\/2026\/02\/484109621_9293023957457757_661757064239893683_n.jpg\" width=\"2048\" height=\"1152\" title=\"484109621_9293023957457757_661757064239893683_n\" alt=\"\" loading=\"eager\" srcset=\"https:\/\/www.amapvitry.fr\/wp-content\/uploads\/2026\/02\/484109621_9293023957457757_661757064239893683_n-150x150.jpg 150w,https:\/\/www.amapvitry.fr\/wp-content\/uploads\/2026\/02\/484109621_9293023957457757_661757064239893683_n-300x169.jpg 300w,https:\/\/www.amapvitry.fr\/wp-content\/uploads\/2026\/02\/484109621_9293023957457757_661757064239893683_n-1024x576.jpg 1024w,https:\/\/www.amapvitry.fr\/wp-content\/uploads\/2026\/02\/484109621_9293023957457757_661757064239893683_n.jpg 2048w,\" sizes=\"(max-width: 2048px) 100vw, 2048px\" style=\"object-fit:cover;object-position:55.00000000000001% 68%\"\/><\/div><div class=\"superblockslider__slide__overlay\"><\/div><div class=\"superblockslider__slide_inner\"><div class=\"inner-blocks\"><\/div><\/div><\/div>\n\n\n\n<div class=\"wp-block-superblockslider-slide superblockslider__slide\" data-slide-index=\"1\"><div class=\"superblockslider__slide__bg\"><img decoding=\"async\" class=\"image--xl visible--xl visible--sm visible--md visible--lg\" src=\"https:\/\/www.amapvitry.fr\/wp-content\/uploads\/2026\/02\/546969291_1116924437294258_7704331065679502893_n.jpg\" width=\"2048\" height=\"1669\" title=\"546969291_1116924437294258_7704331065679502893_n\" alt=\"\" loading=\"eager\" srcset=\"https:\/\/www.amapvitry.fr\/wp-content\/uploads\/2026\/02\/546969291_1116924437294258_7704331065679502893_n-150x150.jpg 150w,https:\/\/www.amapvitry.fr\/wp-content\/uploads\/2026\/02\/546969291_1116924437294258_7704331065679502893_n-300x244.jpg 300w,https:\/\/www.amapvitry.fr\/wp-content\/uploads\/2026\/02\/546969291_1116924437294258_7704331065679502893_n-1024x835.jpg 1024w,https:\/\/www.amapvitry.fr\/wp-content\/uploads\/2026\/02\/546969291_1116924437294258_7704331065679502893_n.jpg 2048w,\" sizes=\"(max-width: 2048px) 100vw, 2048px\" style=\"object-fit:cover;object-position:53% 77%\"\/><\/div><div class=\"superblockslider__slide__overlay\"><\/div><div class=\"superblockslider__slide_inner\"><div class=\"inner-blocks\"><\/div><\/div><\/div>\n<\/div><\/div><div class=\"superblockslider__controls superblockslider__buttons\"><button data-button-id=\"0\" aria-label=\"Slide 1\" class=\"superblockslider__button superblockslider__button--active\"><span class=\"superblockslider__button__icon\"><svg width=\"20\" height=\"20\" viewBox=\"0 0 20 20\" xmlns=\"http:\/\/www.w3.org\/2000\/svg\"><path d=\"M10 2c4.42 0 8 3.58 8 8s-3.58 8-8 8-8-3.58-8-8 3.58-8 8-8zM10 15c2.76 0 5-2.24 5-5s-2.24-5-5-5-5 2.24-5 5 2.24 5 5 5z\"><\/path><\/svg><\/span><\/button><button data-button-id=\"1\" aria-label=\"Slide 2\" class=\"superblockslider__button\"><span class=\"superblockslider__button__icon\"><svg width=\"20\" height=\"20\" viewBox=\"0 0 20 20\" xmlns=\"http:\/\/www.w3.org\/2000\/svg\"><path d=\"M10 2c4.42 0 8 3.58 8 8s-3.58 8-8 8-8-3.58-8-8 3.58-8 8-8zM10 15c2.76 0 5-2.24 5-5s-2.24-5-5-5-5 2.24-5 5 2.24 5 5 5z\"><\/path><\/svg><\/span><\/button><\/div><div class=\"superblockslider__controls superblockslider__navigation\"><button class=\"superblockslider__button__navigation superblockslider__button__previous\" aria-label=\"Previous slide\"><span class=\"superblockslider__button__previous--icon\"><svg width=\"85\" height=\"85\" xmlns=\"http:\/\/www.w3.org\/2000\/svg\" viewBox=\"0 0 85 85\" role=\"img\" aria-hidden=\"true\" focusable=\"false\"><path d=\"M 65.863 7.136 L 57.367 0 L 19.137 42.478 L 57.367 84.955 L 65.863 77.819 L 33.41 42.478 L 65.863 7.136 Z\"><\/path><\/svg><\/span><\/button><button class=\"superblockslider__button__navigation superblockslider__button__next\" aria-label=\"Next slide\"><span class=\"superblockslider__button__next--icon\"><svg width=\"85\" height=\"85\" xmlns=\"http:\/\/www.w3.org\/2000\/svg\" viewBox=\"0 0 85 85\" role=\"img\" aria-hidden=\"true\" focusable=\"false\"><path d=\"M 19.137 7.136 L 27.633 0 L 65.863 42.478 L 27.633 84.955 L 19.137 77.819 L 51.59 42.478 L 19.137 7.136 Z\"><\/path><\/svg><\/span><\/button><\/div><\/div>\n<\/div>\n<\/div><\/div>\n<\/div><\/details>\n\n\n\n<details class=\"wp-block-themeisle-blocks-accordion-item\"><summary class=\"wp-block-themeisle-blocks-accordion-item__title\"><div><strong>Volailles et l\u00e9gumes secs<\/strong><\/div><\/summary><div class=\"wp-block-themeisle-blocks-accordion-item__content\">\n<div id=\"wp-block-themeisle-blocks-advanced-columns-d05df4a9\" class=\"wp-block-themeisle-blocks-advanced-columns has-2-columns has-desktop-equal-layout has-tablet-equal-layout has-mobile-collapsedRows-layout has-vertical-unset\"><div class=\"wp-block-themeisle-blocks-advanced-columns-overlay\"><\/div><div class=\"innerblocks-wrap\">\n<div id=\"wp-block-themeisle-blocks-advanced-column-9c73131b\" class=\"wp-block-themeisle-blocks-advanced-column\">\n<figure class=\"wp-block-image alignleft size-full is-resized\"><img loading=\"lazy\" decoding=\"async\" width=\"900\" height=\"381\" src=\"https:\/\/www.amapvitry.fr\/wp-content\/uploads\/2026\/02\/194076195_119348890321024_2462275455893294236_n.jpg\" alt=\"\" class=\"wp-image-217\" style=\"aspect-ratio:2.3622048100891635;width:354px;height:auto\" srcset=\"https:\/\/www.amapvitry.fr\/wp-content\/uploads\/2026\/02\/194076195_119348890321024_2462275455893294236_n.jpg 900w, https:\/\/www.amapvitry.fr\/wp-content\/uploads\/2026\/02\/194076195_119348890321024_2462275455893294236_n-300x127.jpg 300w, https:\/\/www.amapvitry.fr\/wp-content\/uploads\/2026\/02\/194076195_119348890321024_2462275455893294236_n-768x325.jpg 768w\" sizes=\"auto, (max-width: 900px) 100vw, 900px\" \/><\/figure>\n\n\n\n<p><strong>SCEA Dez k\u00e9vin<\/strong><br>3 rue du cornet<br>51600 Saint Jean sur Tourbe<br>Tel : 06 23 75 27 72<br>Mail : <a href=\"mailto:dezkevin.plt@gmail.com\">dezkevin.plt@gmail.com<\/a><\/p>\n\n\n\n<p><\/p>\n\n\n\n<p class=\"has-text-align-center ticss-97fb8130\"><a href=\"https:\/\/amapvitry.fr\/doc\/CONTRAT%20AMAP%20Vitry%202026_Volailles-produit%20transform%c3%a9-Lentilles.pdf\" data-type=\"link\" data-id=\"https:\/\/amapvitry.fr\/doc\/CONTRAT%20AMAP%20Vitry%202026_Volailles-produit%20transform%c3%a9-Lentilles.pdf\" target=\"_blank\" rel=\"noreferrer noopener\"><strong>T\u00e9l\u00e9charger le contrat Volailles et l\u00e9gumes secs<\/strong><\/a><\/p>\n<\/div>\n\n\n\n<div id=\"wp-block-themeisle-blocks-advanced-column-363788b1\" class=\"wp-block-themeisle-blocks-advanced-column\">\n<div class=\"wp-block-superblockslider-slider superblockslider\" style=\"height:40vh;width:100%\" data-transition-duration=\".6s\" data-animation=\"cubic-bezier(0.46, 0.03, 0.52, 0.96)\"><div class=\"superblockslider__window\"><div class=\"superblockslider__track\" style=\"width:200%;transform:translateX(-0.0000%);transition-duration:.6s;transition-timing-function:cubic-bezier(0.46, 0.03, 0.52, 0.96)\">\n<div class=\"wp-block-superblockslider-slide superblockslider__slide superblockslider__slide--active\" data-slide-index=\"0\"><div class=\"superblockslider__slide__bg\"><img decoding=\"async\" class=\"image--xl visible--xl visible--sm visible--md visible--lg\" src=\"https:\/\/www.amapvitry.fr\/wp-content\/uploads\/2026\/02\/182885628_104883631767550_4840045794932618722_n.jpg\" width=\"2016\" height=\"980\" title=\"182885628_104883631767550_4840045794932618722_n\" alt=\"\" loading=\"eager\" srcset=\"https:\/\/www.amapvitry.fr\/wp-content\/uploads\/2026\/02\/182885628_104883631767550_4840045794932618722_n-150x150.jpg 150w,https:\/\/www.amapvitry.fr\/wp-content\/uploads\/2026\/02\/182885628_104883631767550_4840045794932618722_n-300x146.jpg 300w,https:\/\/www.amapvitry.fr\/wp-content\/uploads\/2026\/02\/182885628_104883631767550_4840045794932618722_n-1024x498.jpg 1024w,https:\/\/www.amapvitry.fr\/wp-content\/uploads\/2026\/02\/182885628_104883631767550_4840045794932618722_n.jpg 2016w,\" sizes=\"(max-width: 2016px) 100vw, 2016px\" style=\"object-fit:cover;object-position:56.99999999999999% 46%\"\/><\/div><div class=\"superblockslider__slide__overlay\"><\/div><div class=\"superblockslider__slide_inner\"><div class=\"inner-blocks\"><\/div><\/div><\/div>\n\n\n\n<div class=\"wp-block-superblockslider-slide superblockslider__slide\" data-slide-index=\"1\"><div class=\"superblockslider__slide__bg\"><img decoding=\"async\" class=\"image--xl visible--xl visible--sm visible--md visible--lg\" src=\"https:\/\/www.amapvitry.fr\/wp-content\/uploads\/2026\/02\/484730256_1092973232846232_8155366782827189672_n.jpg\" width=\"720\" height=\"471\" title=\"484730256_1092973232846232_8155366782827189672_n\" alt=\"\" loading=\"eager\" srcset=\"https:\/\/www.amapvitry.fr\/wp-content\/uploads\/2026\/02\/484730256_1092973232846232_8155366782827189672_n-150x150.jpg 150w,https:\/\/www.amapvitry.fr\/wp-content\/uploads\/2026\/02\/484730256_1092973232846232_8155366782827189672_n-300x196.jpg 300w,https:\/\/www.amapvitry.fr\/wp-content\/uploads\/2026\/02\/484730256_1092973232846232_8155366782827189672_n.jpg 720w,\" sizes=\"(max-width: 720px) 100vw, 720px\" style=\"object-fit:cover;object-position:41% 70%\"\/><\/div><div class=\"superblockslider__slide__overlay\"><\/div><div class=\"superblockslider__slide_inner\"><div class=\"inner-blocks\"><\/div><\/div><\/div>\n<\/div><\/div><div class=\"superblockslider__controls superblockslider__buttons\"><button data-button-id=\"0\" aria-label=\"Slide 1\" class=\"superblockslider__button superblockslider__button--active\"><span class=\"superblockslider__button__icon\"><svg width=\"20\" height=\"20\" viewBox=\"0 0 20 20\" xmlns=\"http:\/\/www.w3.org\/2000\/svg\"><path d=\"M10 2c4.42 0 8 3.58 8 8s-3.58 8-8 8-8-3.58-8-8 3.58-8 8-8zM10 15c2.76 0 5-2.24 5-5s-2.24-5-5-5-5 2.24-5 5 2.24 5 5 5z\"><\/path><\/svg><\/span><\/button><button data-button-id=\"1\" aria-label=\"Slide 2\" class=\"superblockslider__button\"><span class=\"superblockslider__button__icon\"><svg width=\"20\" height=\"20\" viewBox=\"0 0 20 20\" xmlns=\"http:\/\/www.w3.org\/2000\/svg\"><path d=\"M10 2c4.42 0 8 3.58 8 8s-3.58 8-8 8-8-3.58-8-8 3.58-8 8-8zM10 15c2.76 0 5-2.24 5-5s-2.24-5-5-5-5 2.24-5 5 2.24 5 5 5z\"><\/path><\/svg><\/span><\/button><\/div><div class=\"superblockslider__controls superblockslider__navigation\"><button class=\"superblockslider__button__navigation superblockslider__button__previous\" aria-label=\"Previous slide\"><span class=\"superblockslider__button__previous--icon\"><svg width=\"85\" height=\"85\" xmlns=\"http:\/\/www.w3.org\/2000\/svg\" viewBox=\"0 0 85 85\" role=\"img\" aria-hidden=\"true\" focusable=\"false\"><path d=\"M 65.863 7.136 L 57.367 0 L 19.137 42.478 L 57.367 84.955 L 65.863 77.819 L 33.41 42.478 L 65.863 7.136 Z\"><\/path><\/svg><\/span><\/button><button class=\"superblockslider__button__navigation superblockslider__button__next\" aria-label=\"Next slide\"><span class=\"superblockslider__button__next--icon\"><svg width=\"85\" height=\"85\" xmlns=\"http:\/\/www.w3.org\/2000\/svg\" viewBox=\"0 0 85 85\" role=\"img\" aria-hidden=\"true\" focusable=\"false\"><path d=\"M 19.137 7.136 L 27.633 0 L 65.863 42.478 L 27.633 84.955 L 19.137 77.819 L 51.59 42.478 L 19.137 7.136 Z\"><\/path><\/svg><\/span><\/button><\/div><\/div>\n<\/div>\n<\/div><\/div>\n\n\n\n<figure class=\"wp-block-gallery has-nested-images columns-default is-cropped wp-block-gallery-1 is-layout-flex wp-block-gallery-is-layout-flex\"><\/figure>\n<\/div><\/details>\n\n\n\n<details class=\"wp-block-themeisle-blocks-accordion-item\"><summary class=\"wp-block-themeisle-blocks-accordion-item__title\"><div><a href=\"https:\/\/websig.vitry-le-francois.net\/Portail\/index\/Documents\/Cartes\/Carto_Generale\/COM_CCVCD_simple.jpg\" target=\"_blank\" rel=\"noreferrer noopener\"><strong>Fruits<\/strong><\/a><\/div><\/summary><div class=\"wp-block-themeisle-blocks-accordion-item__content\">\n<div id=\"wp-block-themeisle-blocks-advanced-columns-f75cb43b\" class=\"wp-block-themeisle-blocks-advanced-columns has-1-columns has-desktop-equal-layout has-tablet-equal-layout has-mobile-collapsedRows-layout has-vertical-unset\"><div class=\"wp-block-themeisle-blocks-advanced-columns-overlay\"><\/div><div class=\"innerblocks-wrap\">\n<div id=\"wp-block-themeisle-blocks-advanced-column-7e0980c3\" class=\"wp-block-themeisle-blocks-advanced-column\">\n<div id=\"wp-block-themeisle-blocks-advanced-columns-dd6dedff\" class=\"wp-block-themeisle-blocks-advanced-columns has-2-columns has-desktop-equal-layout has-tablet-equal-layout has-mobile-collapsedRows-layout has-vertical-unset\"><div class=\"wp-block-themeisle-blocks-advanced-columns-overlay\"><\/div><div class=\"innerblocks-wrap\">\n<div id=\"wp-block-themeisle-blocks-advanced-column-042e509a\" class=\"wp-block-themeisle-blocks-advanced-column\">\n<p><strong>Philippe et V\u00e9ronique Pro<\/strong><br><strong>Les Vergers de Cousancelles<\/strong><br>2 all\u00e9es des Pommiers<br>55170 Cousances-les-Forges<br>T\u00e9l : 03.29.70.80.71<br>Mail : <a href=\"mailto:prot.bio@orange.fr\">prot.bio@orange.fr<\/a><\/p>\n\n\n\n<p class=\"has-text-align-center ticss-43c7fb90\"><strong><a href=\"https:\/\/www.amapvitry.fr\/doc\/Contrat_Fruits_2026.pdf\" data-type=\"page\" data-id=\"42\">T\u00e9l\u00e9charger le contrat Fruits<\/a><\/strong><\/p>\n<\/div>\n\n\n\n<div id=\"wp-block-themeisle-blocks-advanced-column-c0083e7d\" class=\"wp-block-themeisle-blocks-advanced-column\"><div style=\"height:400pxpx;\" class=\"wp-block-themeisle-blocks-leaflet-map\" id=\"wp-block-themeisle-blocks-leaflet-map-a1a902af\"><\/div>\n<script type=\"text\/javascript\">\n\t\/* <![CDATA[ *\/\n\t\tif ( ! window.themeisleLeafletMaps ) window.themeisleLeafletMaps =[];\n\t\twindow.themeisleLeafletMaps.push( { container: \"wp-block-themeisle-blocks-leaflet-map-a1a902af\", attributes: {\"id\":\"wp-block-themeisle-blocks-leaflet-map-a1a902af\",\"location\":\"55170 Cousances-les-Forges\",\"latitude\":\"48.63143374386662\",\"longitude\":\"5.074353218078614\",\"bbox\":\"5.034227371215821,48.6200873639028,5.114479064941407,48.6427775729273\",\"zoom\":14,\"markers\":[{\"id\":\"aab11218-9789-4f75-a042-d195fd0c3578\",\"latitude\":48.63143374386662,\"longitude\":5.074353218078614,\"title\":\"Les Vergers de Cousancelles\",\"description\":\"\"}],\"height\":\"400px\",\"zoomControl\":true,\"draggable\":true,\"hasCustomCSS\":false,\"customCSS\":\"\",\"otterConditions\":[]} } );\n\t\/* ]]> *\/\n<\/script>\n<\/div>\n<\/div><\/div>\n<\/div>\n<\/div><\/div>\n<\/div><\/details>\n\n\n\n<details class=\"wp-block-themeisle-blocks-accordion-item\"><summary class=\"wp-block-themeisle-blocks-accordion-item__title\"><div><strong>Le Pain<\/strong><\/div><\/summary><div class=\"wp-block-themeisle-blocks-accordion-item__content\">\n<div id=\"wp-block-themeisle-blocks-advanced-columns-d62378bb\" class=\"wp-block-themeisle-blocks-advanced-columns has-2-columns has-desktop-equal-layout has-tablet-equal-layout has-mobile-collapsedRows-layout has-vertical-unset\"><div class=\"wp-block-themeisle-blocks-advanced-columns-overlay\"><\/div><div class=\"innerblocks-wrap\">\n<div id=\"wp-block-themeisle-blocks-advanced-column-8eb3fea3\" class=\"wp-block-themeisle-blocks-advanced-column\">\n<p><strong>Jennifer MOREAU<\/strong><\/p>\n\n\n\n<figure class=\"wp-block-image\"><img decoding=\"async\" src=\"https:\/\/ci3.googleusercontent.com\/mail-sig\/AIorK4yHziaSCj4sLXOzEt6wyWac4HXLzTzoxjKg5Mf46TKOS7x5vKyn_bUG9-Ybu5aFOeIgBYUrn7RquqRI\" alt=\"image\"\/><\/figure>\n\n\n\n<p>SAS AUX PAINS DU DER<\/p>\n\n\n\n<p>35 rue du lac _ 51290 GIFFAUMONT-CHAMPAUBERT<\/p>\n\n\n\n<p><a href=\"tel:+33633567559\" target=\"_blank\" rel=\"noreferrer noopener\">06.33.56.75.59<\/a>SIRET : 908 138 597 00012 RCS Ch\u00e2lons-en-Champagne<\/p>\n\n\n\n<p><a href=\"https:\/\/www.facebook.com\/auxpainsduder\">https:\/\/www.facebook.com\/auxpainsduder<\/a><\/p>\n\n\n\n<p class=\"has-text-align-center ticss-f845126d\"><strong><a href=\"https:\/\/www.amapvitry.fr\/doc\/Contrat_Pains_2026.pdf\" target=\"_blank\" rel=\"noreferrer noopener\">T\u00e9l\u00e9charger le contrat Pains<\/a><\/strong><\/p>\n<\/div>\n\n\n\n<div id=\"wp-block-themeisle-blocks-advanced-column-5f6dd389\" class=\"wp-block-themeisle-blocks-advanced-column\">\n<div class=\"wp-block-superblockslider-slider superblockslider\" style=\"height:55vh;width:100%\" data-transition-duration=\".6s\" data-animation=\"cubic-bezier(0.46, 0.03, 0.52, 0.96)\"><div class=\"superblockslider__window\"><div class=\"superblockslider__track\" style=\"width:200%;transform:translateX(-0.0000%);transition-duration:.6s;transition-timing-function:cubic-bezier(0.46, 0.03, 0.52, 0.96)\">\n<div class=\"wp-block-superblockslider-slide superblockslider__slide superblockslider__slide--active\" data-slide-index=\"0\"><div class=\"superblockslider__slide__bg\"><img decoding=\"async\" class=\"image--xl visible--xl visible--sm visible--md visible--lg\" src=\"https:\/\/www.amapvitry.fr\/wp-content\/uploads\/2026\/02\/582077548_1244788021126116_2709521063167889138_n.jpg\" width=\"1079\" height=\"1079\" title=\"582077548_1244788021126116_2709521063167889138_n\" alt=\"\" loading=\"eager\" srcset=\"https:\/\/www.amapvitry.fr\/wp-content\/uploads\/2026\/02\/582077548_1244788021126116_2709521063167889138_n-150x150.jpg 150w,https:\/\/www.amapvitry.fr\/wp-content\/uploads\/2026\/02\/582077548_1244788021126116_2709521063167889138_n-300x300.jpg 300w,https:\/\/www.amapvitry.fr\/wp-content\/uploads\/2026\/02\/582077548_1244788021126116_2709521063167889138_n-1024x1024.jpg 1024w,https:\/\/www.amapvitry.fr\/wp-content\/uploads\/2026\/02\/582077548_1244788021126116_2709521063167889138_n.jpg 1079w,\" sizes=\"(max-width: 1079px) 100vw, 1079px\" style=\"object-fit:cover;object-position:51% 53%\"\/><\/div><div class=\"superblockslider__slide__overlay\"><\/div><div class=\"superblockslider__slide_inner\"><div class=\"inner-blocks\"><\/div><\/div><\/div>\n\n\n\n<div class=\"wp-block-superblockslider-slide superblockslider__slide\" data-slide-index=\"1\"><div class=\"superblockslider__slide__bg\"><img decoding=\"async\" class=\"image--xl visible--xl visible--sm visible--md visible--lg\" src=\"https:\/\/www.amapvitry.fr\/wp-content\/uploads\/2026\/02\/580660868_1244788154459436_9148038189149781986_n.jpg\" width=\"1440\" height=\"1440\" title=\"580660868_1244788154459436_9148038189149781986_n\" alt=\"\" loading=\"eager\" srcset=\"https:\/\/www.amapvitry.fr\/wp-content\/uploads\/2026\/02\/580660868_1244788154459436_9148038189149781986_n-150x150.jpg 150w,https:\/\/www.amapvitry.fr\/wp-content\/uploads\/2026\/02\/580660868_1244788154459436_9148038189149781986_n-300x300.jpg 300w,https:\/\/www.amapvitry.fr\/wp-content\/uploads\/2026\/02\/580660868_1244788154459436_9148038189149781986_n-1024x1024.jpg 1024w,https:\/\/www.amapvitry.fr\/wp-content\/uploads\/2026\/02\/580660868_1244788154459436_9148038189149781986_n.jpg 1440w,\" sizes=\"(max-width: 1440px) 100vw, 1440px\" style=\"object-fit:cover;object-position:50% 50%\"\/><\/div><div class=\"superblockslider__slide__overlay\"><\/div><div class=\"superblockslider__slide_inner\"><div class=\"inner-blocks\"><\/div><\/div><\/div>\n<\/div><\/div><div class=\"superblockslider__controls superblockslider__buttons\"><button data-button-id=\"0\" aria-label=\"Slide 1\" class=\"superblockslider__button superblockslider__button--active\"><span class=\"superblockslider__button__icon\"><svg width=\"20\" height=\"20\" viewBox=\"0 0 20 20\" xmlns=\"http:\/\/www.w3.org\/2000\/svg\"><path d=\"M10 2c4.42 0 8 3.58 8 8s-3.58 8-8 8-8-3.58-8-8 3.58-8 8-8zM10 15c2.76 0 5-2.24 5-5s-2.24-5-5-5-5 2.24-5 5 2.24 5 5 5z\"><\/path><\/svg><\/span><\/button><button data-button-id=\"1\" aria-label=\"Slide 2\" class=\"superblockslider__button\"><span class=\"superblockslider__button__icon\"><svg width=\"20\" height=\"20\" viewBox=\"0 0 20 20\" xmlns=\"http:\/\/www.w3.org\/2000\/svg\"><path d=\"M10 2c4.42 0 8 3.58 8 8s-3.58 8-8 8-8-3.58-8-8 3.58-8 8-8zM10 15c2.76 0 5-2.24 5-5s-2.24-5-5-5-5 2.24-5 5 2.24 5 5 5z\"><\/path><\/svg><\/span><\/button><\/div><div class=\"superblockslider__controls superblockslider__navigation\"><button class=\"superblockslider__button__navigation superblockslider__button__previous\" aria-label=\"Previous slide\"><span class=\"superblockslider__button__previous--icon\"><svg width=\"85\" height=\"85\" xmlns=\"http:\/\/www.w3.org\/2000\/svg\" viewBox=\"0 0 85 85\" role=\"img\" aria-hidden=\"true\" focusable=\"false\"><path d=\"M 65.863 7.136 L 57.367 0 L 19.137 42.478 L 57.367 84.955 L 65.863 77.819 L 33.41 42.478 L 65.863 7.136 Z\"><\/path><\/svg><\/span><\/button><button class=\"superblockslider__button__navigation superblockslider__button__next\" aria-label=\"Next slide\"><span class=\"superblockslider__button__next--icon\"><svg width=\"85\" height=\"85\" xmlns=\"http:\/\/www.w3.org\/2000\/svg\" viewBox=\"0 0 85 85\" role=\"img\" aria-hidden=\"true\" focusable=\"false\"><path d=\"M 19.137 7.136 L 27.633 0 L 65.863 42.478 L 27.633 84.955 L 19.137 77.819 L 51.59 42.478 L 19.137 7.136 Z\"><\/path><\/svg><\/span><\/button><\/div><\/div>\n<\/div>\n<\/div><\/div>\n<\/div><\/details>\n<\/div>\n","protected":false},"excerpt":{"rendered":"<p>Liste des diff\u00e9rents contrats entre les Amapiens et les producteurs Les contrats :<\/p>\n","protected":false},"author":1,"featured_media":0,"parent":0,"menu_order":0,"comment_status":"closed","ping_status":"closed","template":"template-plain","meta":{"_themeisle_gutenberg_block_has_review":false,"footnotes":""},"class_list":["post-42","page","type-page","status-publish","hentry"],"_links":{"self":[{"href":"https:\/\/www.amapvitry.fr\/index.php\/wp-json\/wp\/v2\/pages\/42","targetHints":{"allow":["GET"]}}],"collection":[{"href":"https:\/\/www.amapvitry.fr\/index.php\/wp-json\/wp\/v2\/pages"}],"about":[{"href":"https:\/\/www.amapvitry.fr\/index.php\/wp-json\/wp\/v2\/types\/page"}],"author":[{"embeddable":true,"href":"https:\/\/www.amapvitry.fr\/index.php\/wp-json\/wp\/v2\/users\/1"}],"replies":[{"embeddable":true,"href":"https:\/\/www.amapvitry.fr\/index.php\/wp-json\/wp\/v2\/comments?post=42"}],"version-history":[{"count":28,"href":"https:\/\/www.amapvitry.fr\/index.php\/wp-json\/wp\/v2\/pages\/42\/revisions"}],"predecessor-version":[{"id":254,"href":"https:\/\/www.amapvitry.fr\/index.php\/wp-json\/wp\/v2\/pages\/42\/revisions\/254"}],"wp:attachment":[{"href":"https:\/\/www.amapvitry.fr\/index.php\/wp-json\/wp\/v2\/media?parent=42"}],"curies":[{"name":"wp","href":"https:\/\/api.w.org\/{rel}","templated":true}]}}