{"id":20,"date":"2023-06-22T14:50:13","date_gmt":"2023-06-22T12:50:13","guid":{"rendered":"http:\/\/anvitrc.cluster030.hosting.ovh.net\/?page_id=20"},"modified":"2026-02-19T13:32:52","modified_gmt":"2026-02-19T13:32:52","slug":"asso","status":"publish","type":"page","link":"https:\/\/www.amapvitry.fr\/index.php\/accueil\/asso\/","title":{"rendered":"Association"},"content":{"rendered":"<h2><strong>L&rsquo;association :<\/strong><\/h2>\n<div class=\"xdj266r x14z9mp xat24cr x1lziwak x1vvkbs x126k92a\">\n<h3 dir=\"auto\"><strong>\u00ab\u00a0Qu&rsquo;est-ce l&rsquo;AMAP, comment \u00e7a fonctionne?\u00a0\u00bb<\/strong><\/h3>\n<ul>\n<li>L&rsquo;AMAP est une association qui met en relation directe les producteurs locaux (et bio concernant notre AMAP) avec les consomm&rsquo;acteurs s&rsquo;engageant sur l&rsquo;ann\u00e9e \u00e0 r\u00e9cup\u00e9rer leurs paniers \u00e0 dates et prix fixes.<\/li>\n<\/ul>\n<ul>\n<li>Il n&rsquo;y a pas d&rsquo;\u00e9change direct d&rsquo;argent entre eux, l&rsquo;AMAPien r\u00e8gle \u00e0 l&rsquo;avance (en une ou plusieurs fois) par le biais de l&rsquo;association.<\/li>\n<\/ul>\n<ul>\n<li>Plusieurs contrats actuellement disponibles : l\u00e9gumes, fruits,\u00a0 volailles, pains. Les prix varient selon les choix et quantit\u00e9s souhait\u00e9s par l&rsquo;AMAPien.<\/li>\n<\/ul>\n<ul>\n<li style=\"list-style-type: none;\">\u00a0<\/li>\n<li dir=\"auto\">L&rsquo;AMAP du Pays Vitryat distribue les paniers <strong>chaque mardi de 17h00 \u00e0 18h15<\/strong>, <strong>sous la Halle <\/strong>(place de la Halle, 51300 Vitry-le-Fran\u00e7ois)<\/li>\n<\/ul>\n<\/div>\n\n\n<h2 class=\"wp-block-heading\"><div class=\"xdj266r x14z9mp xat24cr x1lziwak x1vvkbs x126k92a\"><h3 dir=\"auto\"><strong>Pour adh\u00e9rer<\/strong><\/h3><\/div><\/h2>\n\n\n\n<ul class=\"wp-block-list\">\n<li>L&rsquo;adh\u00e9sion annuelle est \u00e0 16 euros<\/li>\n<\/ul>\n\n\n\n<ul class=\"wp-block-list\">\n<li>Une adh\u00e9sion d&rsquo;essai au trimestre est possible au prix de 4 euros. Si l&rsquo;essai est transform\u00e9, il faudra verser le compl\u00e9ment <em>(sauf pour le dernier trimestre)<\/em>.<\/li>\n<\/ul>\n\n\n\n<p class=\"has-text-align-center ticss-61a265bb\"><strong><a href=\"https:\/\/amapvitry.fr\/doc\/ADHAMAP2026.pdf\" target=\"_blank\" rel=\"noreferrer noopener\">T\u00e9l\u00e9charger le bulletin d&rsquo;adh\u00e9sion !<\/a><\/strong><\/p>\n\n\n\n<figure class=\"wp-block-image aligncenter size-full is-resized\"><a href=\"https:\/\/amapvitry.fr\/doc\/ADHAMAP2026.pdf\" target=\"_blank\" rel=\" noreferrer noopener\"><img loading=\"lazy\" decoding=\"async\" width=\"512\" height=\"512\" src=\"https:\/\/www.amapvitry.fr\/wp-content\/uploads\/2026\/02\/cropped-logo-1-scaled-1.jpg\" alt=\"\" class=\"wp-image-142\" style=\"width:386px;height:auto\" srcset=\"https:\/\/www.amapvitry.fr\/wp-content\/uploads\/2026\/02\/cropped-logo-1-scaled-1.jpg 512w, https:\/\/www.amapvitry.fr\/wp-content\/uploads\/2026\/02\/cropped-logo-1-scaled-1-300x300.jpg 300w, https:\/\/www.amapvitry.fr\/wp-content\/uploads\/2026\/02\/cropped-logo-1-scaled-1-150x150.jpg 150w\" sizes=\"auto, (max-width: 512px) 100vw, 512px\" \/><\/a><\/figure>\n\n\n\n<p class=\"has-text-align-center\"><strong>Pour toute demande d&rsquo;infos compl\u00e9mentaires, contactez nous via la messagerie Facebook, par mail, ou venez nous rencontrer un mardi soir ! <\/strong><\/p>\n","protected":false},"excerpt":{"rendered":"<p>L&rsquo;association : \u00ab\u00a0Qu&rsquo;est-ce l&rsquo;AMAP, comment \u00e7a fonctionne?\u00a0\u00bb L&rsquo;AMAP est une association qui met en relation directe les producteurs locaux (et bio concernant notre AMAP) avec les consomm&rsquo;acteurs s&rsquo;engageant sur l&rsquo;ann\u00e9e \u00e0 r\u00e9cup\u00e9rer leurs paniers \u00e0 dates et prix fixes. Il n&rsquo;y a pas d&rsquo;\u00e9change direct d&rsquo;argent entre eux, l&rsquo;AMAPien r\u00e8gle \u00e0 l&rsquo;avance (en une ou [&hellip;]<\/p>\n","protected":false},"author":1,"featured_media":0,"parent":65,"menu_order":0,"comment_status":"closed","ping_status":"closed","template":"","meta":{"_themeisle_gutenberg_block_has_review":false,"footnotes":"[]"},"class_list":["post-20","page","type-page","status-publish","hentry"],"_links":{"self":[{"href":"https:\/\/www.amapvitry.fr\/index.php\/wp-json\/wp\/v2\/pages\/20","targetHints":{"allow":["GET"]}}],"collection":[{"href":"https:\/\/www.amapvitry.fr\/index.php\/wp-json\/wp\/v2\/pages"}],"about":[{"href":"https:\/\/www.amapvitry.fr\/index.php\/wp-json\/wp\/v2\/types\/page"}],"author":[{"embeddable":true,"href":"https:\/\/www.amapvitry.fr\/index.php\/wp-json\/wp\/v2\/users\/1"}],"replies":[{"embeddable":true,"href":"https:\/\/www.amapvitry.fr\/index.php\/wp-json\/wp\/v2\/comments?post=20"}],"version-history":[{"count":10,"href":"https:\/\/www.amapvitry.fr\/index.php\/wp-json\/wp\/v2\/pages\/20\/revisions"}],"predecessor-version":[{"id":251,"href":"https:\/\/www.amapvitry.fr\/index.php\/wp-json\/wp\/v2\/pages\/20\/revisions\/251"}],"up":[{"embeddable":true,"href":"https:\/\/www.amapvitry.fr\/index.php\/wp-json\/wp\/v2\/pages\/65"}],"wp:attachment":[{"href":"https:\/\/www.amapvitry.fr\/index.php\/wp-json\/wp\/v2\/media?parent=20"}],"curies":[{"name":"wp","href":"https:\/\/api.w.org\/{rel}","templated":true}]}}